{"id":561,"date":"2025-01-03T18:29:08","date_gmt":"2025-01-03T18:29:08","guid":{"rendered":"https:\/\/charobleda.com\/?page_id=561"},"modified":"2025-08-27T14:42:35","modified_gmt":"2025-08-27T14:42:35","slug":"hazlo-tu-mismo","status":"publish","type":"page","link":"https:\/\/charobleda.com\/?page_id=561","title":{"rendered":"Hazlo t\u00fa mismo"},"content":{"rendered":"\t\t<div data-elementor-type=\"wp-page\" data-elementor-id=\"561\" class=\"elementor elementor-561\">\n\t\t\t\t\t\t<section class=\"elementor-section elementor-top-section elementor-element elementor-element-e6n7d6q elementor-section-full_width elementor-section-height-default elementor-section-height-default\" data-id=\"e6n7d6q\" data-element_type=\"section\" data-settings=\"{&quot;background_background&quot;:&quot;classic&quot;}\">\n\t\t\t\t\t\t<div class=\"elementor-container elementor-column-gap-no\">\n\t\t\t\t\t<div class=\"elementor-column elementor-col-100 elementor-top-column elementor-element elementor-element-5ffd739\" data-id=\"5ffd739\" data-element_type=\"column\">\n\t\t\t<div class=\"elementor-widget-wrap elementor-element-populated\">\n\t\t\t\t\t\t<div class=\"elementor-element elementor-element-db39ed2 elementor-invisible elementor-widget elementor-widget-image\" data-id=\"db39ed2\" data-element_type=\"widget\" data-settings=\"{&quot;_animation&quot;:&quot;fadeIn&quot;}\" data-widget_type=\"image.default\">\n\t\t\t\t<div class=\"elementor-widget-container\">\n\t\t\t\t\t\t\t\t\t\t\t\t\t\t\t<img fetchpriority=\"high\" decoding=\"async\" width=\"1920\" height=\"450\" src=\"https:\/\/charobleda.com\/wp-content\/uploads\/2025\/02\/6.png\" class=\"attachment-full size-full wp-image-1017\" alt=\"\" srcset=\"https:\/\/charobleda.com\/wp-content\/uploads\/2025\/02\/6.png 1920w, https:\/\/charobleda.com\/wp-content\/uploads\/2025\/02\/6-300x70.png 300w, https:\/\/charobleda.com\/wp-content\/uploads\/2025\/02\/6-1024x240.png 1024w, https:\/\/charobleda.com\/wp-content\/uploads\/2025\/02\/6-768x180.png 768w, https:\/\/charobleda.com\/wp-content\/uploads\/2025\/02\/6-1536x360.png 1536w, https:\/\/charobleda.com\/wp-content\/uploads\/2025\/02\/6-600x141.png 600w\" sizes=\"(max-width: 1920px) 100vw, 1920px\" \/>\t\t\t\t\t\t\t\t\t\t\t\t\t\t\t<\/div>\n\t\t\t\t<\/div>\n\t\t\t\t\t<\/div>\n\t\t<\/div>\n\t\t\t\t\t<\/div>\n\t\t<\/section>\n\t\t<div class=\"elementor-element elementor-element-2127e1c e-flex e-con-boxed e-con e-parent\" data-id=\"2127e1c\" data-element_type=\"container\">\n\t\t\t\t\t<div class=\"e-con-inner\">\n\t\t\t\t<div class=\"elementor-element elementor-element-5b7f5a2 elementor-widget elementor-widget-heading\" data-id=\"5b7f5a2\" data-element_type=\"widget\" data-widget_type=\"heading.default\">\n\t\t\t\t<div class=\"elementor-widget-container\">\n\t\t\t\t\t<h2 class=\"elementor-heading-title elementor-size-default\">Hazlo t\u00fa mismo<\/h2>\t\t\t\t<\/div>\n\t\t\t\t<\/div>\n\t\t\t\t<div class=\"elementor-element elementor-element-48da807 elementor-widget elementor-widget-text-editor\" data-id=\"48da807\" data-element_type=\"widget\" data-widget_type=\"text-editor.default\">\n\t\t\t\t<div class=\"elementor-widget-container\">\n\t\t\t\t\t\t\t\t\t<p>En Larum realizamos cursos y talleres de Fegn Shui,<br \/>recorriendo desde los niveles m\u00e1s b\u00e1sicos hasta los m\u00e1s profundos.<br \/>T\u00fa eliges. Revisa nuestra agenda y encuentra el m\u00e1s adecuado para ti.<\/p>\t\t\t\t\t\t\t\t<\/div>\n\t\t\t\t<\/div>\n\t\t\t\t\t<\/div>\n\t\t\t\t<\/div>\n\t\t<div class=\"elementor-element elementor-element-0b02ff1 e-flex e-con-boxed elementor-invisible e-con e-parent\" data-id=\"0b02ff1\" data-element_type=\"container\" data-settings=\"{&quot;animation&quot;:&quot;fadeIn&quot;}\">\n\t\t\t\t\t<div class=\"e-con-inner\">\n\t\t<div class=\"elementor-element elementor-element-170af63 e-con-full e-flex e-con e-child\" data-id=\"170af63\" data-element_type=\"container\">\n\t\t\t\t<div class=\"elementor-element elementor-element-1c09101 elementor-position-top elementor-widget elementor-widget-image-box\" data-id=\"1c09101\" data-element_type=\"widget\" data-widget_type=\"image-box.default\">\n\t\t\t\t<div class=\"elementor-widget-container\">\n\t\t\t\t\t<div class=\"elementor-image-box-wrapper\"><figure class=\"elementor-image-box-img\"><img decoding=\"async\" width=\"1280\" height=\"720\" src=\"https:\/\/charobleda.com\/wp-content\/uploads\/2025\/02\/Curso-on-line-Feng-shui.png\" class=\"attachment-full size-full wp-image-913\" alt=\"\" srcset=\"https:\/\/charobleda.com\/wp-content\/uploads\/2025\/02\/Curso-on-line-Feng-shui.png 1280w, https:\/\/charobleda.com\/wp-content\/uploads\/2025\/02\/Curso-on-line-Feng-shui-300x169.png 300w, https:\/\/charobleda.com\/wp-content\/uploads\/2025\/02\/Curso-on-line-Feng-shui-1024x576.png 1024w, https:\/\/charobleda.com\/wp-content\/uploads\/2025\/02\/Curso-on-line-Feng-shui-768x432.png 768w, https:\/\/charobleda.com\/wp-content\/uploads\/2025\/02\/Curso-on-line-Feng-shui-600x338.png 600w\" sizes=\"(max-width: 1280px) 100vw, 1280px\" \/><\/figure><div class=\"elementor-image-box-content\"><h3 class=\"elementor-image-box-title\">Feng Shui y Mentalidad: Tu casa como portal de manifestaci\u00f3n<\/h3><p class=\"elementor-image-box-description\">\u00bfQuieres una poderosa herramienta para transformar tu casa en un lugar de poder desde el cual crear la visa que deseas?<\/p><\/div><\/div>\t\t\t\t<\/div>\n\t\t\t\t<\/div>\n\t\t\t\t<div class=\"elementor-element elementor-element-b6c9f9d elementor-align-center elementor-widget elementor-widget-button\" data-id=\"b6c9f9d\" data-element_type=\"widget\" data-widget_type=\"button.default\">\n\t\t\t\t<div class=\"elementor-widget-container\">\n\t\t\t\t\t\t\t\t\t<div class=\"elementor-button-wrapper\">\n\t\t\t\t\t<a class=\"elementor-button elementor-button-link elementor-size-sm\" href=\"https:\/\/charobleda.com\/?page_id=389\">\n\t\t\t\t\t\t<span class=\"elementor-button-content-wrapper\">\n\t\t\t\t\t\t\t\t\t<span class=\"elementor-button-text\">SABER M\u00c1S<\/span>\n\t\t\t\t\t<\/span>\n\t\t\t\t\t<\/a>\n\t\t\t\t<\/div>\n\t\t\t\t\t\t\t\t<\/div>\n\t\t\t\t<\/div>\n\t\t\t\t<\/div>\n\t\t<div class=\"elementor-element elementor-element-db5f398 e-con-full e-flex e-con e-child\" data-id=\"db5f398\" data-element_type=\"container\">\n\t\t\t\t<div class=\"elementor-element elementor-element-003d2ac elementor-position-top elementor-widget elementor-widget-image-box\" data-id=\"003d2ac\" data-element_type=\"widget\" data-widget_type=\"image-box.default\">\n\t\t\t\t<div class=\"elementor-widget-container\">\n\t\t\t\t\t<div class=\"elementor-image-box-wrapper\"><figure class=\"elementor-image-box-img\"><img decoding=\"async\" width=\"1280\" height=\"720\" src=\"https:\/\/charobleda.com\/wp-content\/uploads\/2025\/02\/Curso-on-line-Feng-shuiRelaciones.png\" class=\"attachment-full size-full wp-image-914\" alt=\"\" srcset=\"https:\/\/charobleda.com\/wp-content\/uploads\/2025\/02\/Curso-on-line-Feng-shuiRelaciones.png 1280w, https:\/\/charobleda.com\/wp-content\/uploads\/2025\/02\/Curso-on-line-Feng-shuiRelaciones-300x169.png 300w, https:\/\/charobleda.com\/wp-content\/uploads\/2025\/02\/Curso-on-line-Feng-shuiRelaciones-1024x576.png 1024w, https:\/\/charobleda.com\/wp-content\/uploads\/2025\/02\/Curso-on-line-Feng-shuiRelaciones-768x432.png 768w, https:\/\/charobleda.com\/wp-content\/uploads\/2025\/02\/Curso-on-line-Feng-shuiRelaciones-600x338.png 600w\" sizes=\"(max-width: 1280px) 100vw, 1280px\" \/><\/figure><div class=\"elementor-image-box-content\"><h3 class=\"elementor-image-box-title\">Feng Shui para sanar relaciones: Act\u00faa sobre tu casa y di adi\u00f3s a las relaciones t\u00f3xicas<\/h3><p class=\"elementor-image-box-description\">Hackea tu realidad reprogramando de una vez lo sutil y lo f\u00edsico, las dos v\u00edas que se retroalimentan permanentemente para mantener los programas vigentes y generar situaciones, relaciones, oportunidades y todo lo que se tpresenta en la vida.<\/p><\/div><\/div>\t\t\t\t<\/div>\n\t\t\t\t<\/div>\n\t\t\t\t<div class=\"elementor-element elementor-element-83eee89 elementor-align-center elementor-widget elementor-widget-button\" data-id=\"83eee89\" data-element_type=\"widget\" data-widget_type=\"button.default\">\n\t\t\t\t<div class=\"elementor-widget-container\">\n\t\t\t\t\t\t\t\t\t<div class=\"elementor-button-wrapper\">\n\t\t\t\t\t<a class=\"elementor-button elementor-button-link elementor-size-sm\" href=\"https:\/\/charobleda.com\/?page_id=699\">\n\t\t\t\t\t\t<span class=\"elementor-button-content-wrapper\">\n\t\t\t\t\t\t\t\t\t<span class=\"elementor-button-text\">SABER M\u00c1S<\/span>\n\t\t\t\t\t<\/span>\n\t\t\t\t\t<\/a>\n\t\t\t\t<\/div>\n\t\t\t\t\t\t\t\t<\/div>\n\t\t\t\t<\/div>\n\t\t\t\t<\/div>\n\t\t<div class=\"elementor-element elementor-element-b2f466f e-con-full e-flex e-con e-child\" data-id=\"b2f466f\" data-element_type=\"container\">\n\t\t\t\t<div class=\"elementor-element elementor-element-5fff9f6 elementor-position-top elementor-widget elementor-widget-image-box\" data-id=\"5fff9f6\" data-element_type=\"widget\" data-widget_type=\"image-box.default\">\n\t\t\t\t<div class=\"elementor-widget-container\">\n\t\t\t\t\t<div class=\"elementor-image-box-wrapper\"><figure class=\"elementor-image-box-img\"><img loading=\"lazy\" decoding=\"async\" width=\"1280\" height=\"720\" src=\"https:\/\/charobleda.com\/wp-content\/uploads\/2025\/03\/Curso-on-line-Mapa.png\" class=\"attachment-full size-full wp-image-1041\" alt=\"\" srcset=\"https:\/\/charobleda.com\/wp-content\/uploads\/2025\/03\/Curso-on-line-Mapa.png 1280w, https:\/\/charobleda.com\/wp-content\/uploads\/2025\/03\/Curso-on-line-Mapa-300x169.png 300w, https:\/\/charobleda.com\/wp-content\/uploads\/2025\/03\/Curso-on-line-Mapa-1024x576.png 1024w, https:\/\/charobleda.com\/wp-content\/uploads\/2025\/03\/Curso-on-line-Mapa-768x432.png 768w, https:\/\/charobleda.com\/wp-content\/uploads\/2025\/03\/Curso-on-line-Mapa-600x338.png 600w\" sizes=\"(max-width: 1280px) 100vw, 1280px\" \/><\/figure><div class=\"elementor-image-box-content\"><h3 class=\"elementor-image-box-title\">El Poder Oculto del Mapa Bagua: Lo que tu hogar dice sobre tu vida y tu destino<\/h3><p class=\"elementor-image-box-description\">Este curso te permitir\u00e1 comenzar a aplicar Feng Shui en tu casa con efectividad.\nAprende a hacer los c\u00e1lculos para sentirte segura\/o a la hora de aplicar Feng Shui<\/p><\/div><\/div>\t\t\t\t<\/div>\n\t\t\t\t<\/div>\n\t\t\t\t<div class=\"elementor-element elementor-element-aa9ef34 elementor-align-center elementor-widget elementor-widget-button\" data-id=\"aa9ef34\" data-element_type=\"widget\" data-widget_type=\"button.default\">\n\t\t\t\t<div class=\"elementor-widget-container\">\n\t\t\t\t\t\t\t\t\t<div class=\"elementor-button-wrapper\">\n\t\t\t\t\t<a class=\"elementor-button elementor-button-link elementor-size-sm\" href=\"https:\/\/charobleda.com\/?page_id=690\">\n\t\t\t\t\t\t<span class=\"elementor-button-content-wrapper\">\n\t\t\t\t\t\t\t\t\t<span class=\"elementor-button-text\">SABER M\u00c1S<\/span>\n\t\t\t\t\t<\/span>\n\t\t\t\t\t<\/a>\n\t\t\t\t<\/div>\n\t\t\t\t\t\t\t\t<\/div>\n\t\t\t\t<\/div>\n\t\t\t\t<\/div>\n\t\t<div class=\"elementor-element elementor-element-62f1341 e-con-full e-flex e-con e-child\" data-id=\"62f1341\" data-element_type=\"container\">\n\t\t\t\t<\/div>\n\t\t<div class=\"elementor-element elementor-element-b2b7f0c e-con-full e-flex e-con e-child\" data-id=\"b2b7f0c\" data-element_type=\"container\">\n\t\t\t\t<\/div>\n\t\t<div class=\"elementor-element elementor-element-e323b06 e-con-full e-flex e-con e-child\" data-id=\"e323b06\" data-element_type=\"container\">\n\t\t\t\t<\/div>\n\t\t\t\t\t<\/div>\n\t\t\t\t<\/div>\n\t\t\t\t<\/div>\n\t\t","protected":false},"excerpt":{"rendered":"<p>Hazlo t\u00fa mismo En Larum realizamos cursos y talleres de Fegn Shui,recorriendo desde los niveles m\u00e1s b\u00e1sicos hasta los m\u00e1s [&hellip;]<\/p>\n","protected":false},"author":1,"featured_media":0,"parent":0,"menu_order":0,"comment_status":"closed","ping_status":"closed","template":"","meta":{"site-sidebar-layout":"no-sidebar","site-content-layout":"","ast-site-content-layout":"full-width-container","site-content-style":"default","site-sidebar-style":"default","ast-global-header-display":"","ast-banner-title-visibility":"","ast-main-header-display":"","ast-hfb-above-header-display":"","ast-hfb-below-header-display":"","ast-hfb-mobile-header-display":"","site-post-title":"disabled","ast-breadcrumbs-content":"","ast-featured-img":"disabled","footer-sml-layout":"","theme-transparent-header-meta":"","adv-header-id-meta":"","stick-header-meta":"","header-above-stick-meta":"","header-main-stick-meta":"","header-below-stick-meta":"","astra-migrate-meta-layouts":"default","ast-page-background-enabled":"default","ast-page-background-meta":{"desktop":{"background-color":"var(--ast-global-color-4)","background-image":"","background-repeat":"repeat","background-position":"center center","background-size":"auto","background-attachment":"scroll","background-type":"","background-media":"","overlay-type":"","overlay-color":"","overlay-opacity":"","overlay-gradient":""},"tablet":{"background-color":"","background-image":"","background-repeat":"repeat","background-position":"center center","background-size":"auto","background-attachment":"scroll","background-type":"","background-media":"","overlay-type":"","overlay-color":"","overlay-opacity":"","overlay-gradient":""},"mobile":{"background-color":"","background-image":"","background-repeat":"repeat","background-position":"center center","background-size":"auto","background-attachment":"scroll","background-type":"","background-media":"","overlay-type":"","overlay-color":"","overlay-opacity":"","overlay-gradient":""}},"ast-content-background-meta":{"desktop":{"background-color":"var(--ast-global-color-5)","background-image":"","background-repeat":"repeat","background-position":"center center","background-size":"auto","background-attachment":"scroll","background-type":"","background-media":"","overlay-type":"","overlay-color":"","overlay-opacity":"","overlay-gradient":""},"tablet":{"background-color":"var(--ast-global-color-5)","background-image":"","background-repeat":"repeat","background-position":"center center","background-size":"auto","background-attachment":"scroll","background-type":"","background-media":"","overlay-type":"","overlay-color":"","overlay-opacity":"","overlay-gradient":""},"mobile":{"background-color":"var(--ast-global-color-5)","background-image":"","background-repeat":"repeat","background-position":"center center","background-size":"auto","background-attachment":"scroll","background-type":"","background-media":"","overlay-type":"","overlay-color":"","overlay-opacity":"","overlay-gradient":""}},"footnotes":""},"class_list":["post-561","page","type-page","status-publish","hentry"],"_links":{"self":[{"href":"https:\/\/charobleda.com\/index.php?rest_route=\/wp\/v2\/pages\/561","targetHints":{"allow":["GET"]}}],"collection":[{"href":"https:\/\/charobleda.com\/index.php?rest_route=\/wp\/v2\/pages"}],"about":[{"href":"https:\/\/charobleda.com\/index.php?rest_route=\/wp\/v2\/types\/page"}],"author":[{"embeddable":true,"href":"https:\/\/charobleda.com\/index.php?rest_route=\/wp\/v2\/users\/1"}],"replies":[{"embeddable":true,"href":"https:\/\/charobleda.com\/index.php?rest_route=%2Fwp%2Fv2%2Fcomments&post=561"}],"version-history":[{"count":50,"href":"https:\/\/charobleda.com\/index.php?rest_route=\/wp\/v2\/pages\/561\/revisions"}],"predecessor-version":[{"id":1772,"href":"https:\/\/charobleda.com\/index.php?rest_route=\/wp\/v2\/pages\/561\/revisions\/1772"}],"wp:attachment":[{"href":"https:\/\/charobleda.com\/index.php?rest_route=%2Fwp%2Fv2%2Fmedia&parent=561"}],"curies":[{"name":"wp","href":"https:\/\/api.w.org\/{rel}","templated":true}]}}