{"id":558,"date":"2025-01-03T18:26:03","date_gmt":"2025-01-03T18:26:03","guid":{"rendered":"https:\/\/charobleda.com\/?page_id=558"},"modified":"2025-05-11T21:48:17","modified_gmt":"2025-05-11T21:48:17","slug":"erase-una-vez","status":"publish","type":"page","link":"https:\/\/charobleda.com\/?page_id=558","title":{"rendered":"Qui\u00e9n soy"},"content":{"rendered":"\t\t<div data-elementor-type=\"wp-page\" data-elementor-id=\"558\" class=\"elementor elementor-558\">\n\t\t\t\t\t\t<section class=\"elementor-section elementor-top-section elementor-element elementor-element-dlc4g6w elementor-section-full_width elementor-section-height-default elementor-section-height-default elementor-invisible\" data-id=\"dlc4g6w\" data-element_type=\"section\" data-settings=\"{&quot;background_background&quot;:&quot;classic&quot;,&quot;animation&quot;:&quot;fadeIn&quot;}\">\n\t\t\t\t\t\t<div class=\"elementor-container elementor-column-gap-no\">\n\t\t\t\t\t<div class=\"elementor-column elementor-col-100 elementor-top-column elementor-element elementor-element-5ffd739\" data-id=\"5ffd739\" data-element_type=\"column\">\n\t\t\t<div class=\"elementor-widget-wrap elementor-element-populated\">\n\t\t\t\t\t\t<div class=\"elementor-element elementor-element-db39ed2 elementor-widget elementor-widget-image\" data-id=\"db39ed2\" data-element_type=\"widget\" data-widget_type=\"image.default\">\n\t\t\t\t<div class=\"elementor-widget-container\">\n\t\t\t\t\t\t\t\t\t\t\t\t\t\t\t<img fetchpriority=\"high\" decoding=\"async\" width=\"1920\" height=\"450\" src=\"https:\/\/charobleda.com\/wp-content\/uploads\/2025\/02\/1.png\" class=\"attachment-full size-full wp-image-944\" alt=\"\" srcset=\"https:\/\/charobleda.com\/wp-content\/uploads\/2025\/02\/1.png 1920w, https:\/\/charobleda.com\/wp-content\/uploads\/2025\/02\/1-300x70.png 300w, https:\/\/charobleda.com\/wp-content\/uploads\/2025\/02\/1-1024x240.png 1024w, https:\/\/charobleda.com\/wp-content\/uploads\/2025\/02\/1-768x180.png 768w, https:\/\/charobleda.com\/wp-content\/uploads\/2025\/02\/1-1536x360.png 1536w, https:\/\/charobleda.com\/wp-content\/uploads\/2025\/02\/1-600x141.png 600w\" sizes=\"(max-width: 1920px) 100vw, 1920px\" \/>\t\t\t\t\t\t\t\t\t\t\t\t\t\t\t<\/div>\n\t\t\t\t<\/div>\n\t\t\t\t\t<\/div>\n\t\t<\/div>\n\t\t\t\t\t<\/div>\n\t\t<\/section>\n\t\t<div class=\"elementor-element elementor-element-7d055c6 e-flex e-con-boxed e-con e-parent\" data-id=\"7d055c6\" data-element_type=\"container\">\n\t\t\t\t\t<div class=\"e-con-inner\">\n\t\t\t\t<div class=\"elementor-element elementor-element-9b7d5b2 elementor-widget elementor-widget-heading\" data-id=\"9b7d5b2\" data-element_type=\"widget\" data-widget_type=\"heading.default\">\n\t\t\t\t<div class=\"elementor-widget-container\">\n\t\t\t\t\t<h2 class=\"elementor-heading-title elementor-size-default\">Quien soy<\/h2>\t\t\t\t<\/div>\n\t\t\t\t<\/div>\n\t\t\t\t\t<\/div>\n\t\t\t\t<\/div>\n\t\t\t\t<section class=\"elementor-section elementor-top-section elementor-element elementor-element-zc9wu4n elementor-section-content-middle elementor-section-boxed elementor-section-height-default elementor-section-height-default\" data-id=\"zc9wu4n\" data-element_type=\"section\" data-settings=\"{&quot;background_background&quot;:&quot;classic&quot;}\">\n\t\t\t\t\t\t\t<div class=\"elementor-background-overlay\"><\/div>\n\t\t\t\t\t\t\t<div class=\"elementor-container elementor-column-gap-no\">\n\t\t\t\t\t<div class=\"elementor-column elementor-col-50 elementor-top-column elementor-element elementor-element-5fcceb3\" data-id=\"5fcceb3\" data-element_type=\"column\">\n\t\t\t<div class=\"elementor-widget-wrap elementor-element-populated\">\n\t\t\t\t\t\t<div class=\"elementor-element elementor-element-703bb7b elementor-invisible elementor-widget elementor-widget-image\" data-id=\"703bb7b\" data-element_type=\"widget\" data-settings=\"{&quot;_animation&quot;:&quot;fadeIn&quot;}\" data-widget_type=\"image.default\">\n\t\t\t\t<div class=\"elementor-widget-container\">\n\t\t\t\t\t\t\t\t\t\t\t\t\t\t\t<img decoding=\"async\" width=\"598\" height=\"1024\" src=\"https:\/\/charobleda.com\/wp-content\/uploads\/2025\/02\/WhatsApp-Image-2025-02-02-at-1.59.51-AM-598x1024.jpeg\" class=\"attachment-large size-large wp-image-810\" alt=\"\" srcset=\"https:\/\/charobleda.com\/wp-content\/uploads\/2025\/02\/WhatsApp-Image-2025-02-02-at-1.59.51-AM-598x1024.jpeg 598w, https:\/\/charobleda.com\/wp-content\/uploads\/2025\/02\/WhatsApp-Image-2025-02-02-at-1.59.51-AM-175x300.jpeg 175w, https:\/\/charobleda.com\/wp-content\/uploads\/2025\/02\/WhatsApp-Image-2025-02-02-at-1.59.51-AM-768x1314.jpeg 768w, https:\/\/charobleda.com\/wp-content\/uploads\/2025\/02\/WhatsApp-Image-2025-02-02-at-1.59.51-AM-600x1027.jpeg 600w, https:\/\/charobleda.com\/wp-content\/uploads\/2025\/02\/WhatsApp-Image-2025-02-02-at-1.59.51-AM.jpeg 828w\" sizes=\"(max-width: 598px) 100vw, 598px\" \/>\t\t\t\t\t\t\t\t\t\t\t\t\t\t\t<\/div>\n\t\t\t\t<\/div>\n\t\t\t\t\t<\/div>\n\t\t<\/div>\n\t\t\t\t<div class=\"elementor-column elementor-col-50 elementor-top-column elementor-element elementor-element-04229e9\" data-id=\"04229e9\" data-element_type=\"column\">\n\t\t\t<div class=\"elementor-widget-wrap elementor-element-populated\">\n\t\t\t\t\t\t<div class=\"elementor-element elementor-element-4772c87 elementor-invisible elementor-widget elementor-widget-text-editor\" data-id=\"4772c87\" data-element_type=\"widget\" data-settings=\"{&quot;_animation&quot;:&quot;fadeIn&quot;}\" data-widget_type=\"text-editor.default\">\n\t\t\t\t<div class=\"elementor-widget-container\">\n\t\t\t\t\t\t\t\t\t<p style=\"text-align: left;\"><span style=\"font-weight: 400;\">Me recuerdo a m\u00ed misma en mi ni\u00f1ez, creando y decorando <\/span><i><span style=\"font-weight: 400;\">casas preciosas<\/span><\/i><span style=\"font-weight: 400;\"> dentro de cajas de zapatos.\u00a0<\/span><\/p><p style=\"text-align: left;\"><span style=\"font-weight: 400;\">Yo eleg\u00eda el lugar d\u00f3nde colocaba la puerta, las ventanas, los muebles y hasta pegaba unas cortinas hechas con retales que mi madre donaba para la causa.<\/span><\/p><p style=\"text-align: left;\"><span style=\"font-weight: 400;\">\u00a1Qu\u00e9 maravilla tener el poder de crear un ambiente \u00fanico desde la m\u00e1s absoluta <\/span><i><span style=\"font-weight: 400;\">nada <\/span><\/i><span style=\"font-weight: 400;\">de una caja de zapatos!\u00a0 Inventaba mil formas de mejorar a\u00fan m\u00e1s ese <\/span><i><span style=\"font-weight: 400;\">hogar<\/span><\/i><span style=\"font-weight: 400;\"> acogedor y bello.<\/span><\/p><p style=\"text-align: left;\"><span style=\"font-weight: 400;\">La vida y yo nos llevamos por otros derroteros a\u00f1os m\u00e1s tarde.<\/span><\/p><p style=\"text-align: left;\"><span style=\"font-weight: 400;\">Tras retarme a m\u00ed misma en varios \u00e1mbitos, como estudiar una ingenier\u00eda o trabajar en el sector de la moda, y tratar de olvidar mi pasi\u00f3n, mi pasi\u00f3n me persigui\u00f3 hasta encontrarme de nuevo, en forma de <\/span><i><span style=\"font-weight: 400;\">Feng Shui<\/span><\/i><span style=\"font-weight: 400;\">.<\/span><\/p><p style=\"text-align: left;\"><span style=\"font-weight: 400;\">En el a\u00f1o 2009, fascinada tras ver c\u00f3mo a trav\u00e9s de un simple plano de una casa se hizo una radiograf\u00eda<\/span> <span style=\"font-weight: 400;\">fidedigna de la vida de una persona, empec\u00e9 a practicar conmigo misma (obvio), poniendo en marcha un <\/span><i><span style=\"font-weight: 400;\">Plan de Acci\u00f3n<\/span><\/i><span style=\"font-weight: 400;\"> en la que entonces era mi casa.<\/span><\/p><p style=\"text-align: left;\"><span style=\"font-weight: 400;\">A los 15 d\u00edas exactos de aquel <\/span><i><span style=\"font-weight: 400;\">experimento<\/span><\/i><span style=\"font-weight: 400;\">, mi vida entera salt\u00f3 por los aires.\u00a0<\/span><\/p>\t\t\t\t\t\t\t\t<\/div>\n\t\t\t\t<\/div>\n\t\t\t\t\t<\/div>\n\t\t<\/div>\n\t\t\t\t\t<\/div>\n\t\t<\/section>\n\t\t<div class=\"elementor-element elementor-element-cc247aa e-flex e-con-boxed elementor-invisible e-con e-parent\" data-id=\"cc247aa\" data-element_type=\"container\" data-settings=\"{&quot;animation&quot;:&quot;fadeIn&quot;}\">\n\t\t\t\t\t<div class=\"e-con-inner\">\n\t\t\t\t<div class=\"elementor-element elementor-element-945dace elementor-widget elementor-widget-text-editor\" data-id=\"945dace\" data-element_type=\"widget\" data-widget_type=\"text-editor.default\">\n\t\t\t\t<div class=\"elementor-widget-container\">\n\t\t\t\t\t\t\t\t\t<p style=\"text-align: left;\"><span style=\"font-weight: 400;\">Y as\u00ed, una relaci\u00f3n altamente t\u00f3xica y enquistada durante A\u00d1OS, se dio la vuelta de tal manera que, sin darme tiempo a pesta\u00f1ear, termin\u00f3 con <\/span><i><span style=\"font-weight: 400;\">eso<\/span><\/i><span style=\"font-weight: 400;\"> que era tan da\u00f1ino para m\u00ed, muy a mi pesar (s\u00ed, era bastante masoca en esa \u00e9poca).<\/span><\/p><p style=\"text-align: left;\"><span style=\"font-weight: 400;\">Al a\u00f1o siguiente, se produjo uno de los mayores saltos cu\u00e1nticos que he experimentado en mi vida, a nivel econ\u00f3mico, profesional y amoroso, fruto tambi\u00e9n de otro <\/span><i><span style=\"font-weight: 400;\">experimento<\/span><\/i><span style=\"font-weight: 400;\"> en mi casa (justo un mes despu\u00e9s de realizarlo).\u00a0<\/span><\/p><p style=\"text-align: left;\"><span style=\"font-weight: 400;\">\u00bfCasualidad?<\/span><\/p><p><span style=\"font-weight: 400;\">Pasaron a\u00f1os hasta que perfeccion\u00e9 esa t\u00e9cnica, mezclando en la coctelera m\u00e1s ingredientes que fui encontrando por el camino, como el <\/span><i><span style=\"font-weight: 400;\">Coaching<\/span><\/i><span style=\"font-weight: 400;\">, la <\/span><i><span style=\"font-weight: 400;\">PNL<\/span><\/i><span style=\"font-weight: 400;\">, <\/span><i><span style=\"font-weight: 400;\">disciplinas de culturas inici\u00e1ticas milenarias<\/span><\/i><span style=\"font-weight: 400;\">, <\/span><i><span style=\"font-weight: 400;\">t\u00e9cnicas de reprogramaci\u00f3n del subconsciente<\/span><\/i><span style=\"font-weight: 400;\">, y alguna que otra aventura m\u00e1s.<\/span><\/p><p><span style=\"font-weight: 400;\">\u00a1Et voila! Ah\u00ed estaban los porqu\u00e9s y los bloqueos que nos atrapan a todos bajo diferentes formas y muy parecidos fondos, poni\u00e9ndose delante para pedirnos que los trascendamos por fin a trav\u00e9s de nuestra casa.<\/span><\/p><p><span style=\"font-weight: 400;\">Hoy s\u00e9 que tu casa no es ese lugar que debe ser perfecto para que tu destino tambi\u00e9n lo sea (s\u00ed, s\u00e9 que eso genera mucha angustia).\u00a0<\/span><\/p><p><span style=\"font-weight: 400;\">Tu casa es tu aliada, la herramienta que te pone delante todas las pistas que tu programaci\u00f3n limitante va dejando en el camino y que te impide llegar donde te gustar\u00eda vivir, como ese <\/span><i><span style=\"font-weight: 400;\">Sal\u00f3n lleno de esa Relaci\u00f3n de Amor maravillosa<\/span><\/i><span style=\"font-weight: 400;\">, o aquella <\/span><i><span style=\"font-weight: 400;\">Cocina repleta de Abundancia econ\u00f3mica.<\/span><\/i><\/p><p><span style=\"font-weight: 400;\">Si has llegado hasta aqu\u00ed, es porque algo dentro de ti te dice que ha llegado el momento de avanzar hacia un lugar mejor \u00a1Te doy la Bienvenida a Larum!<\/span><\/p>\t\t\t\t\t\t\t\t<\/div>\n\t\t\t\t<\/div>\n\t\t\t\t\t<\/div>\n\t\t\t\t<\/div>\n\t\t\t\t<\/div>\n\t\t","protected":false},"excerpt":{"rendered":"<p>Quien soy Me recuerdo a m\u00ed misma en mi ni\u00f1ez, creando y decorando casas preciosas dentro de cajas de zapatos.\u00a0 [&hellip;]<\/p>\n","protected":false},"author":1,"featured_media":0,"parent":0,"menu_order":0,"comment_status":"closed","ping_status":"closed","template":"","meta":{"site-sidebar-layout":"no-sidebar","site-content-layout":"","ast-site-content-layout":"full-width-container","site-content-style":"default","site-sidebar-style":"default","ast-global-header-display":"","ast-banner-title-visibility":"","ast-main-header-display":"","ast-hfb-above-header-display":"","ast-hfb-below-header-display":"","ast-hfb-mobile-header-display":"","site-post-title":"disabled","ast-breadcrumbs-content":"","ast-featured-img":"disabled","footer-sml-layout":"","theme-transparent-header-meta":"","adv-header-id-meta":"","stick-header-meta":"","header-above-stick-meta":"","header-main-stick-meta":"","header-below-stick-meta":"","astra-migrate-meta-layouts":"default","ast-page-background-enabled":"default","ast-page-background-meta":{"desktop":{"background-color":"var(--ast-global-color-4)","background-image":"","background-repeat":"repeat","background-position":"center center","background-size":"auto","background-attachment":"scroll","background-type":"","background-media":"","overlay-type":"","overlay-color":"","overlay-opacity":"","overlay-gradient":""},"tablet":{"background-color":"","background-image":"","background-repeat":"repeat","background-position":"center center","background-size":"auto","background-attachment":"scroll","background-type":"","background-media":"","overlay-type":"","overlay-color":"","overlay-opacity":"","overlay-gradient":""},"mobile":{"background-color":"","background-image":"","background-repeat":"repeat","background-position":"center center","background-size":"auto","background-attachment":"scroll","background-type":"","background-media":"","overlay-type":"","overlay-color":"","overlay-opacity":"","overlay-gradient":""}},"ast-content-background-meta":{"desktop":{"background-color":"var(--ast-global-color-5)","background-image":"","background-repeat":"repeat","background-position":"center center","background-size":"auto","background-attachment":"scroll","background-type":"","background-media":"","overlay-type":"","overlay-color":"","overlay-opacity":"","overlay-gradient":""},"tablet":{"background-color":"var(--ast-global-color-5)","background-image":"","background-repeat":"repeat","background-position":"center center","background-size":"auto","background-attachment":"scroll","background-type":"","background-media":"","overlay-type":"","overlay-color":"","overlay-opacity":"","overlay-gradient":""},"mobile":{"background-color":"var(--ast-global-color-5)","background-image":"","background-repeat":"repeat","background-position":"center center","background-size":"auto","background-attachment":"scroll","background-type":"","background-media":"","overlay-type":"","overlay-color":"","overlay-opacity":"","overlay-gradient":""}},"footnotes":""},"class_list":["post-558","page","type-page","status-publish","hentry"],"_links":{"self":[{"href":"https:\/\/charobleda.com\/index.php?rest_route=\/wp\/v2\/pages\/558","targetHints":{"allow":["GET"]}}],"collection":[{"href":"https:\/\/charobleda.com\/index.php?rest_route=\/wp\/v2\/pages"}],"about":[{"href":"https:\/\/charobleda.com\/index.php?rest_route=\/wp\/v2\/types\/page"}],"author":[{"embeddable":true,"href":"https:\/\/charobleda.com\/index.php?rest_route=\/wp\/v2\/users\/1"}],"replies":[{"embeddable":true,"href":"https:\/\/charobleda.com\/index.php?rest_route=%2Fwp%2Fv2%2Fcomments&post=558"}],"version-history":[{"count":66,"href":"https:\/\/charobleda.com\/index.php?rest_route=\/wp\/v2\/pages\/558\/revisions"}],"predecessor-version":[{"id":1735,"href":"https:\/\/charobleda.com\/index.php?rest_route=\/wp\/v2\/pages\/558\/revisions\/1735"}],"wp:attachment":[{"href":"https:\/\/charobleda.com\/index.php?rest_route=%2Fwp%2Fv2%2Fmedia&parent=558"}],"curies":[{"name":"wp","href":"https:\/\/api.w.org\/{rel}","templated":true}]}}